{"id":647,"date":"2022-06-01T08:01:23","date_gmt":"2022-06-01T08:01:23","guid":{"rendered":"https:\/\/www.casadasideias.pt\/wordpress\/?post_type=product&#038;p=647"},"modified":"2023-01-26T16:02:51","modified_gmt":"2023-01-26T16:02:51","slug":"cartazes","status":"publish","type":"product","link":"https:\/\/www.casadasideias.pt\/wordpress\/product\/cartazes\/","title":{"rendered":"Cartazes"},"content":{"rendered":"","protected":false},"excerpt":{"rendered":"<p>A pe\u00e7a ideal para destacar promo\u00e7\u00f5es, entre diversas outras informa\u00e7\u00f5es. Papel cartaz sem brilho ou papel revestido tipo couch\u00e9. V\u00e1rios formatos: 50&#215;70, 70&#215;100 ou Mupi.<\/p>\n","protected":false},"featured_media":648,"comment_status":"open","ping_status":"closed","template":"","meta":[],"product_cat":[69],"product_tag":[],"_links":{"self":[{"href":"https:\/\/www.casadasideias.pt\/wordpress\/wp-json\/wp\/v2\/product\/647"}],"collection":[{"href":"https:\/\/www.casadasideias.pt\/wordpress\/wp-json\/wp\/v2\/product"}],"about":[{"href":"https:\/\/www.casadasideias.pt\/wordpress\/wp-json\/wp\/v2\/types\/product"}],"replies":[{"embeddable":true,"href":"https:\/\/www.casadasideias.pt\/wordpress\/wp-json\/wp\/v2\/comments?post=647"}],"wp:featuredmedia":[{"embeddable":true,"href":"https:\/\/www.casadasideias.pt\/wordpress\/wp-json\/wp\/v2\/media\/648"}],"wp:attachment":[{"href":"https:\/\/www.casadasideias.pt\/wordpress\/wp-json\/wp\/v2\/media?parent=647"}],"wp:term":[{"taxonomy":"product_cat","embeddable":true,"href":"https:\/\/www.casadasideias.pt\/wordpress\/wp-json\/wp\/v2\/product_cat?post=647"},{"taxonomy":"product_tag","embeddable":true,"href":"https:\/\/www.casadasideias.pt\/wordpress\/wp-json\/wp\/v2\/product_tag?post=647"}],"curies":[{"name":"wp","href":"https:\/\/api.w.org\/{rel}","templated":true}]}}