{"id":651,"date":"2022-06-01T08:02:37","date_gmt":"2022-06-01T08:02:37","guid":{"rendered":"https:\/\/www.casadasideias.pt\/wordpress\/?post_type=product&#038;p=651"},"modified":"2023-04-26T15:01:15","modified_gmt":"2023-04-26T15:01:15","slug":"cartoes-cartas-envelopes","status":"publish","type":"product","link":"https:\/\/www.casadasideias.pt\/wordpress\/product\/cartoes-cartas-envelopes\/","title":{"rendered":"Cart\u00f5es \/ Cartas \/ Envelopes"},"content":{"rendered":"","protected":false},"excerpt":{"rendered":"<p>O Estacion\u00e1rio \u00e9 fundamental para qualquer empresa ou neg\u00f3cio. Impress\u00e3o em diferentes tipos de pap\u00e9is e acabamentos gr\u00e1ficos.<\/p>\n","protected":false},"featured_media":652,"comment_status":"open","ping_status":"closed","template":"","meta":[],"product_cat":[70],"product_tag":[],"_links":{"self":[{"href":"https:\/\/www.casadasideias.pt\/wordpress\/wp-json\/wp\/v2\/product\/651"}],"collection":[{"href":"https:\/\/www.casadasideias.pt\/wordpress\/wp-json\/wp\/v2\/product"}],"about":[{"href":"https:\/\/www.casadasideias.pt\/wordpress\/wp-json\/wp\/v2\/types\/product"}],"replies":[{"embeddable":true,"href":"https:\/\/www.casadasideias.pt\/wordpress\/wp-json\/wp\/v2\/comments?post=651"}],"wp:featuredmedia":[{"embeddable":true,"href":"https:\/\/www.casadasideias.pt\/wordpress\/wp-json\/wp\/v2\/media\/652"}],"wp:attachment":[{"href":"https:\/\/www.casadasideias.pt\/wordpress\/wp-json\/wp\/v2\/media?parent=651"}],"wp:term":[{"taxonomy":"product_cat","embeddable":true,"href":"https:\/\/www.casadasideias.pt\/wordpress\/wp-json\/wp\/v2\/product_cat?post=651"},{"taxonomy":"product_tag","embeddable":true,"href":"https:\/\/www.casadasideias.pt\/wordpress\/wp-json\/wp\/v2\/product_tag?post=651"}],"curies":[{"name":"wp","href":"https:\/\/api.w.org\/{rel}","templated":true}]}}