{"id":653,"date":"2022-06-01T09:21:46","date_gmt":"2022-06-01T09:21:46","guid":{"rendered":"https:\/\/www.casadasideias.pt\/wordpress\/?post_type=product&#038;p=653"},"modified":"2023-01-26T15:58:47","modified_gmt":"2023-01-26T15:58:47","slug":"catalogos","status":"publish","type":"product","link":"https:\/\/www.casadasideias.pt\/wordpress\/product\/catalogos\/","title":{"rendered":"Cat\u00e1logos"},"content":{"rendered":"","protected":false},"excerpt":{"rendered":"<p>Impress\u00e3o de cat\u00e1logos de produtos, apresenta\u00e7\u00f5es institucionais, de eventos ou promocionais. V\u00e1rios formatos, tipos de papel e acabamentos. Possibilidade de pequenas quantidades em impress\u00e3o digital.<\/p>\n","protected":false},"featured_media":656,"comment_status":"open","ping_status":"closed","template":"","meta":[],"product_cat":[70],"product_tag":[],"_links":{"self":[{"href":"https:\/\/www.casadasideias.pt\/wordpress\/wp-json\/wp\/v2\/product\/653"}],"collection":[{"href":"https:\/\/www.casadasideias.pt\/wordpress\/wp-json\/wp\/v2\/product"}],"about":[{"href":"https:\/\/www.casadasideias.pt\/wordpress\/wp-json\/wp\/v2\/types\/product"}],"replies":[{"embeddable":true,"href":"https:\/\/www.casadasideias.pt\/wordpress\/wp-json\/wp\/v2\/comments?post=653"}],"wp:featuredmedia":[{"embeddable":true,"href":"https:\/\/www.casadasideias.pt\/wordpress\/wp-json\/wp\/v2\/media\/656"}],"wp:attachment":[{"href":"https:\/\/www.casadasideias.pt\/wordpress\/wp-json\/wp\/v2\/media?parent=653"}],"wp:term":[{"taxonomy":"product_cat","embeddable":true,"href":"https:\/\/www.casadasideias.pt\/wordpress\/wp-json\/wp\/v2\/product_cat?post=653"},{"taxonomy":"product_tag","embeddable":true,"href":"https:\/\/www.casadasideias.pt\/wordpress\/wp-json\/wp\/v2\/product_tag?post=653"}],"curies":[{"name":"wp","href":"https:\/\/api.w.org\/{rel}","templated":true}]}}