{"id":654,"date":"2022-06-01T09:21:48","date_gmt":"2022-06-01T09:21:48","guid":{"rendered":"https:\/\/www.casadasideias.pt\/wordpress\/?post_type=product&#038;p=654"},"modified":"2023-04-27T11:47:39","modified_gmt":"2023-04-27T11:47:39","slug":"folhetos","status":"publish","type":"product","link":"https:\/\/www.casadasideias.pt\/wordpress\/product\/folhetos\/","title":{"rendered":"Folhetos"},"content":{"rendered":"","protected":false},"excerpt":{"rendered":"<p>A pe\u00e7a de comunica\u00e7\u00e3o para todas as situa\u00e7\u00f5es. V\u00e1rios formatos e diferentes tipos de papel e acabamentos. Flyers simples, estilo monofolha ou tr\u00edpticos com dobras, Pequenas e grandes tiragens.<\/p>\n","protected":false},"featured_media":657,"comment_status":"open","ping_status":"closed","template":"","meta":[],"product_cat":[70],"product_tag":[],"_links":{"self":[{"href":"https:\/\/www.casadasideias.pt\/wordpress\/wp-json\/wp\/v2\/product\/654"}],"collection":[{"href":"https:\/\/www.casadasideias.pt\/wordpress\/wp-json\/wp\/v2\/product"}],"about":[{"href":"https:\/\/www.casadasideias.pt\/wordpress\/wp-json\/wp\/v2\/types\/product"}],"replies":[{"embeddable":true,"href":"https:\/\/www.casadasideias.pt\/wordpress\/wp-json\/wp\/v2\/comments?post=654"}],"wp:featuredmedia":[{"embeddable":true,"href":"https:\/\/www.casadasideias.pt\/wordpress\/wp-json\/wp\/v2\/media\/657"}],"wp:attachment":[{"href":"https:\/\/www.casadasideias.pt\/wordpress\/wp-json\/wp\/v2\/media?parent=654"}],"wp:term":[{"taxonomy":"product_cat","embeddable":true,"href":"https:\/\/www.casadasideias.pt\/wordpress\/wp-json\/wp\/v2\/product_cat?post=654"},{"taxonomy":"product_tag","embeddable":true,"href":"https:\/\/www.casadasideias.pt\/wordpress\/wp-json\/wp\/v2\/product_tag?post=654"}],"curies":[{"name":"wp","href":"https:\/\/api.w.org\/{rel}","templated":true}]}}