{"id":661,"date":"2022-06-01T09:24:36","date_gmt":"2022-06-01T09:24:36","guid":{"rendered":"https:\/\/www.casadasideias.pt\/wordpress\/?post_type=product&#038;p=661"},"modified":"2023-02-14T12:20:19","modified_gmt":"2023-02-14T12:20:19","slug":"rollups","status":"publish","type":"product","link":"https:\/\/www.casadasideias.pt\/wordpress\/product\/rollups\/","title":{"rendered":"Rollups"},"content":{"rendered":"","protected":false},"excerpt":{"rendered":"<p>Estrutura robusta e vers\u00e1til para todas as ocasi\u00f5es de comunica\u00e7\u00e3o em eventos, apresenta\u00e7\u00f5es, espa\u00e7os corporativos ou comerciais, stands, etc. V\u00e1rios formatos e modelos.<\/p>\n","protected":false},"featured_media":670,"comment_status":"open","ping_status":"closed","template":"","meta":[],"product_cat":[71],"product_tag":[],"_links":{"self":[{"href":"https:\/\/www.casadasideias.pt\/wordpress\/wp-json\/wp\/v2\/product\/661"}],"collection":[{"href":"https:\/\/www.casadasideias.pt\/wordpress\/wp-json\/wp\/v2\/product"}],"about":[{"href":"https:\/\/www.casadasideias.pt\/wordpress\/wp-json\/wp\/v2\/types\/product"}],"replies":[{"embeddable":true,"href":"https:\/\/www.casadasideias.pt\/wordpress\/wp-json\/wp\/v2\/comments?post=661"}],"wp:featuredmedia":[{"embeddable":true,"href":"https:\/\/www.casadasideias.pt\/wordpress\/wp-json\/wp\/v2\/media\/670"}],"wp:attachment":[{"href":"https:\/\/www.casadasideias.pt\/wordpress\/wp-json\/wp\/v2\/media?parent=661"}],"wp:term":[{"taxonomy":"product_cat","embeddable":true,"href":"https:\/\/www.casadasideias.pt\/wordpress\/wp-json\/wp\/v2\/product_cat?post=661"},{"taxonomy":"product_tag","embeddable":true,"href":"https:\/\/www.casadasideias.pt\/wordpress\/wp-json\/wp\/v2\/product_tag?post=661"}],"curies":[{"name":"wp","href":"https:\/\/api.w.org\/{rel}","templated":true}]}}